{"id":69,"date":"2021-02-23T11:12:35","date_gmt":"2021-02-23T11:12:35","guid":{"rendered":"https:\/\/www.misstransfrance.com\/?page_id=69"},"modified":"2026-03-20T16:06:44","modified_gmt":"2026-03-20T16:06:44","slug":"inscriptions","status":"publish","type":"page","link":"https:\/\/mtfrance.org\/en\/inscriptions\/","title":{"rendered":"Inscriptions"},"content":{"rendered":"<p>[et_pb_section fb_built=\u00a0\u00bb1&Prime; admin_label=\u00a0\u00bbsection\u00a0\u00bb _builder_version=\u00a0\u00bb4.27.4&Prime; background_image=\u00a0\u00bbhttps:\/\/mtfrance.org\/wp-content\/uploads\/2025\/09\/site-internet-MTF-4.png\u00a0\u00bb custom_padding=\u00a0\u00bb14.3%||14.3%||true|false\u00a0\u00bb global_colors_info=\u00a0\u00bb{}\u00a0\u00bb][et_pb_row admin_label=\u00a0\u00bbrow\u00a0\u00bb _builder_version=\u00a0\u00bb4.16&Prime; background_size=\u00a0\u00bbinitial\u00a0\u00bb background_position=\u00a0\u00bbtop_left\u00a0\u00bb background_repeat=\u00a0\u00bbrepeat\u00a0\u00bb global_colors_info=\u00a0\u00bb{}\u00a0\u00bb][et_pb_column type=\u00a0\u00bb4_4&Prime; _builder_version=\u00a0\u00bb4.16&Prime; custom_padding=\u00a0\u00bb|||\u00a0\u00bb global_colors_info=\u00a0\u00bb{}\u00a0\u00bb custom_padding__hover=\u00a0\u00bb|||\u00a0\u00bb][\/et_pb_column][\/et_pb_row][\/et_pb_section][et_pb_section fb_built=\u00a0\u00bb1&Prime; _builder_version=\u00a0\u00bb4.16&Prime; _module_preset=\u00a0\u00bbdefault\u00a0\u00bb custom_padding=\u00a0\u00bb0px|||||\u00a0\u00bb global_colors_info=\u00a0\u00bb{}\u00a0\u00bb][et_pb_row disabled_on=\u00a0\u00bboff|off|off\u00a0\u00bb _builder_version=\u00a0\u00bb4.16&Prime; _module_preset=\u00a0\u00bbdefault\u00a0\u00bb custom_padding=\u00a0\u00bb42px|||||\u00a0\u00bb global_colors_info=\u00a0\u00bb{}\u00a0\u00bb][et_pb_column type=\u00a0\u00bb4_4&Prime; _builder_version=\u00a0\u00bb4.16&Prime; _module_preset=\u00a0\u00bbdefault\u00a0\u00bb global_colors_info=\u00a0\u00bb{}\u00a0\u00bb][et_pb_text disabled_on=\u00a0\u00bboff|off|off\u00a0\u00bb _builder_version=\u00a0\u00bb4.27.4&Prime; _module_preset=\u00a0\u00bbdefault\u00a0\u00bb text_font_size=\u00a0\u00bb16px\u00a0\u00bb header_font=\u00a0\u00bbLato||||||||\u00a0\u00bb custom_margin=\u00a0\u00bb||40px|||\u00a0\u00bb global_colors_info=\u00a0\u00bb{}\u00a0\u00bb]<\/p>\n<h1 style=\"text-align: center;\">\u00a0 Les inscriptions pour l&rsquo;\u00e9dition de 2026-2027 sont closes !<\/h1>\n<p>&nbsp;<\/p>\n<p>[\/et_pb_text][et_pb_text disabled_on=\u00a0\u00bbon|on|on\u00a0\u00bb _builder_version=\u00a0\u00bb4.27.4&Prime; _module_preset=\u00a0\u00bbdefault\u00a0\u00bb text_font_size=\u00a0\u00bb16px\u00a0\u00bb header_font=\u00a0\u00bbLato||||||||\u00a0\u00bb custom_margin=\u00a0\u00bb||40px|||\u00a0\u00bb global_colors_info=\u00a0\u00bb{}\u00a0\u00bb disabled=\u00a0\u00bbon\u00a0\u00bb]<\/p>\n<h1 style=\"text-align: center;\">\u00a0 Les inscriptions pour l&rsquo;\u00e9dition de 2026 sont ouvertes !<\/h1>\n<p>&nbsp;<\/p>\n<p>&nbsp;<\/p>\n<ul>\n<li data-start=\"133\" data-end=\"207\">Merci de lire attentivement les <strong data-start=\"165\" data-end=\"206\">termes et conditions de participation<\/strong>.<\/li>\n<li data-start=\"209\" data-end=\"368\">Votre <strong data-start=\"215\" data-end=\"277\">pr\u00e9inscription sera consid\u00e9r\u00e9e comme compl\u00e8te et recevable<\/strong> uniquement lorsque <strong data-start=\"297\" data-end=\"318\">tous les \u00e9l\u00e9ments<\/strong> auront \u00e9t\u00e9 envoy\u00e9s : formulaire, photos et vid\u00e9o.<\/li>\n<li data-start=\"370\" data-end=\"512\">La <strong data-start=\"84\" data-end=\"125\">vid\u00e9o de pr\u00e9sentation est obligatoire<\/strong>. Elle est destin\u00e9e <strong data-start=\"145\" data-end=\"172\">exclusivement au comit\u00e9<\/strong> et <strong data-start=\"176\" data-end=\"216\">ne sera pas diffus\u00e9e au grand public<\/strong>.<br data-start=\"217\" data-end=\"220\" \/>Nous vous recommandons de la t\u00e9l\u00e9charger sur YouTube et de nous transmettre un <strong data-start=\"299\" data-end=\"313\">lien priv\u00e9<\/strong>.<\/li>\n<li data-start=\"514\" data-end=\"638\">Apr\u00e8s avoir envoy\u00e9 le formulaire, merci de <strong data-start=\"557\" data-end=\"582\">patienter 30 secondes<\/strong> : une notification de confirmation appara\u00eetra \u00e0 la fin.<\/li>\n<li data-start=\"640\" data-end=\"733\">MT France contactera ult\u00e9rieurement tou\u00b7te\u00b7s les candidat\u00b7e\u00b7s retenu\u00b7e\u00b7s pour l\u2019\u00e9dition 2026.<\/li>\n<li data-start=\"735\" data-end=\"1038\">Comme indiqu\u00e9 dans nos termes et conditions, <strong data-start=\"780\" data-end=\"806\">une fois s\u00e9lectionn\u00e9\u00b7e<\/strong>, chaque candidat\u00b7e \u00e0 l\u2019\u00e9dition 2026 devra s\u2019acquitter de <strong data-start=\"864\" data-end=\"896\">300 \u20ac de frais d\u2019inscription<\/strong>, correspondant \u00e0 <strong data-start=\"914\" data-end=\"958\">20 % des frais d\u2019h\u00e9bergement et de repas<\/strong> pris en charge pour chaque participant\u00b7e durant la semaine du concours \u00e0 Paris.<\/li>\n<\/ul>\n<p>[\/et_pb_text][et_pb_text disabled_on=\u00a0\u00bboff|off|off\u00a0\u00bb _builder_version=\u00a0\u00bb4.27.4&Prime; _module_preset=\u00a0\u00bbdefault\u00a0\u00bb header_font=\u00a0\u00bbLato||||||||\u00a0\u00bb header_font_size=\u00a0\u00bb26px\u00a0\u00bb header_2_font=\u00a0\u00bbLato||||||||\u00a0\u00bb header_2_text_color=\u00a0\u00bb#C59969&Prime; global_colors_info=\u00a0\u00bb{}\u00a0\u00bb]<\/p>\n<h2>Calendrier du concours de MTF 2026<\/h2>\n<p>[\/et_pb_text][\/et_pb_column][\/et_pb_row][et_pb_row column_structure=\u00a0\u00bb1_5,1_5,1_5,1_5,1_5&Prime; disabled_on=\u00a0\u00bboff|off|off\u00a0\u00bb _builder_version=\u00a0\u00bb4.16&Prime; _module_preset=\u00a0\u00bbdefault\u00a0\u00bb global_colors_info=\u00a0\u00bb{}\u00a0\u00bb][et_pb_column type=\u00a0\u00bb1_5&Prime; _builder_version=\u00a0\u00bb4.16&Prime; _module_preset=\u00a0\u00bbdefault\u00a0\u00bb global_colors_info=\u00a0\u00bb{}\u00a0\u00bb][et_pb_text _builder_version=\u00a0\u00bb4.27.4&Prime; _module_preset=\u00a0\u00bbdefault\u00a0\u00bb text_font=\u00a0\u00bbLato||||||||\u00a0\u00bb text_font_size=\u00a0\u00bb20px\u00a0\u00bb global_colors_info=\u00a0\u00bb{}\u00a0\u00bb]<\/p>\n<p style=\"text-align: center;\">Mer 31 d\u00e9cembre<\/p>\n<p style=\"text-align: center;\"><strong>Fin des pr\u00e9inscriptions<\/strong>\u00a0<\/p>\n<p>[\/et_pb_text][\/et_pb_column][et_pb_column type=\u00a0\u00bb1_5&Prime; _builder_version=\u00a0\u00bb4.16&Prime; _module_preset=\u00a0\u00bbdefault\u00a0\u00bb global_colors_info=\u00a0\u00bb{}\u00a0\u00bb][et_pb_text _builder_version=\u00a0\u00bb4.27.4&Prime; _module_preset=\u00a0\u00bbdefault\u00a0\u00bb text_font=\u00a0\u00bbLato||||||||\u00a0\u00bb text_font_size=\u00a0\u00bb20px\u00a0\u00bb global_colors_info=\u00a0\u00bb{}\u00a0\u00bb]<\/p>\n<p style=\"text-align: center;\">Ven 29 mai<\/p>\n<p style=\"text-align: center;\"><strong>Date limite pour payer les frais d&rsquo;inscriptions<\/strong><\/p>\n<p>[\/et_pb_text][\/et_pb_column][et_pb_column type=\u00a0\u00bb1_5&Prime; _builder_version=\u00a0\u00bb4.16&Prime; _module_preset=\u00a0\u00bbdefault\u00a0\u00bb global_colors_info=\u00a0\u00bb{}\u00a0\u00bb][et_pb_text _builder_version=\u00a0\u00bb4.27.4&Prime; _module_preset=\u00a0\u00bbdefault\u00a0\u00bb text_font=\u00a0\u00bbLato||||||||\u00a0\u00bb text_font_size=\u00a0\u00bb20px\u00a0\u00bb global_colors_info=\u00a0\u00bb{}\u00a0\u00bb]<\/p>\n<p style=\"text-align: center;\">Dim 30 ao\u00fbt<\/p>\n<p style=\"text-align: center;\"><strong>Annonce officielle des <\/strong><strong>12 candidat\u00b7e\u00b7s\u00a0<\/strong><\/p>\n<p>[\/et_pb_text][\/et_pb_column][et_pb_column type=\u00a0\u00bb1_5&Prime; _builder_version=\u00a0\u00bb4.16&Prime; _module_preset=\u00a0\u00bbdefault\u00a0\u00bb global_colors_info=\u00a0\u00bb{}\u00a0\u00bb][et_pb_text _builder_version=\u00a0\u00bb4.27.4&Prime; _module_preset=\u00a0\u00bbdefault\u00a0\u00bb text_font=\u00a0\u00bbLato||||||||\u00a0\u00bb text_font_size=\u00a0\u00bb20px\u00a0\u00bb global_colors_info=\u00a0\u00bb{}\u00a0\u00bb]<\/p>\n<p style=\"text-align: center;\">Lun 26 octobre<\/p>\n<p style=\"text-align: center;\"><strong>Arriv\u00e9e des candidat\u00b7e\u00b7s \u00e0 Paris<\/strong><\/p>\n<p>[\/et_pb_text][\/et_pb_column][et_pb_column type=\u00a0\u00bb1_5&Prime; _builder_version=\u00a0\u00bb4.16&Prime; _module_preset=\u00a0\u00bbdefault\u00a0\u00bb global_colors_info=\u00a0\u00bb{}\u00a0\u00bb][et_pb_text _builder_version=\u00a0\u00bb4.27.4&Prime; _module_preset=\u00a0\u00bbdefault\u00a0\u00bb text_font=\u00a0\u00bbLato||||||||\u00a0\u00bb text_font_size=\u00a0\u00bb20px\u00a0\u00bb global_colors_info=\u00a0\u00bb{}\u00a0\u00bb]<\/p>\n<p style=\"text-align: center;\">Dim 1er NOV<\/p>\n<p style=\"text-align: center;\"><strong>Finale MTF 2026<\/strong><\/p>\n<p>[\/et_pb_text][\/et_pb_column][\/et_pb_row][et_pb_row disabled_on=\u00a0\u00bbon|on|on\u00a0\u00bb _builder_version=\u00a0\u00bb4.16&Prime; _module_preset=\u00a0\u00bbdefault\u00a0\u00bb global_colors_info=\u00a0\u00bb{}\u00a0\u00bb disabled=\u00a0\u00bbon\u00a0\u00bb][et_pb_column type=\u00a0\u00bb4_4&Prime; _builder_version=\u00a0\u00bb4.16&Prime; _module_preset=\u00a0\u00bbdefault\u00a0\u00bb global_colors_info=\u00a0\u00bb{}\u00a0\u00bb][et_pb_accordion _builder_version=\u00a0\u00bb4.27.4&Prime; _module_preset=\u00a0\u00bbdefault\u00a0\u00bb db_closeable=\u00a0\u00bbon\u00a0\u00bb db_initial_state=\u00a0\u00bball_closed\u00a0\u00bb global_colors_info=\u00a0\u00bb{}\u00a0\u00bb][et_pb_accordion_item title=\u00a0\u00bbTERMES &#038; CONDITIONS D&rsquo;INSCRIPTIONS 2026&Prime; open=\u00a0\u00bbon\u00a0\u00bb _builder_version=\u00a0\u00bb4.27.4&Prime; _module_preset=\u00a0\u00bbdefault\u00a0\u00bb global_colors_info=\u00a0\u00bb{}\u00a0\u00bb]<\/p>\n<p style=\"font-weight: 400;\"><b><strong><u>INFORMATIONS G\u00c9N\u00c9RALES\u00a0<\/u><\/strong><\/b><\/p>\n<p style=\"font-weight: 400;\"><b><strong>Objectifs:<\/strong><\/b><\/p>\n<p style=\"font-weight: 400;\">Depuis sa cr\u00e9ation en 2019, MTFrance est un concours inclusif et militant annuel qui s\u2019inscrit dans une d\u00e9marche active de repr\u00e9sentativit\u00e9 et de reconnaissance des femmes transgenres en France. Nous avons pour mission principale la lutte contre les discriminations et la transphobie. C\u2019est pourquoi nous pr\u00f4nons la beaut\u00e9 inclusive et diversifi\u00e9e de toutes les personnes transgenres, sans aucune norme de crit\u00e8res physiques, ethniques ou sociaux.<\/p>\n<p style=\"font-weight: 400;\"><b><strong>M\u00e9thode d&rsquo;inscription: <\/strong><\/b><\/p>\n<p style=\"font-weight: 400;\">Les participant(e)s acceptent d&rsquo;\u00eatre li\u00e9.e.s par les termes et les conditions suivants:<\/p>\n<p style=\"font-weight: 400;\">Pour \u00eatre \u00e9ligible, le ou la candidate doit remplir le formulaire en ligne de pr\u00e9inscription du MTFrance 2026 et envoyer les documents suivants \u00e0 la F\u00e9d\u00e9ration pour une pr\u00e9s\u00e9lection:<\/p>\n<ul>\n<li style=\"font-weight: 400;\">\u00a0Un portrait et une photo de plein pied sur fond claire, sans aucune retouche ou filtre<\/li>\n<li style=\"font-weight: 400;\">\u00a0Une copie d&rsquo;un document d&rsquo;identit\u00e9 valid\u00e9 par les autorit\u00e9s fran\u00e7aises : carte d&rsquo;identit\u00e9, passeport, carte de s\u00e9jour&#8230;<\/li>\n<li style=\"font-weight: 400;\">\u00a0Un vid\u00e9o de pr\u00e9sentation de la candidate o\u00f9 elle formule ses motivations ( 3 minutes maximum)<\/li>\n<\/ul>\n<p style=\"font-weight: 400;\">Une fois s\u00e9lectionn\u00e9e par la F\u00e9d\u00e9ration MTF, les candidats devront s&rsquo;acquitter des frais d&rsquo;inscription d&rsquo;un montant de 300 euros par virement bancaire avant le 31 d\u00e9cembre 2025 \u00e0 minuit.\u00a0 L&rsquo;admission ne sera effective qu&rsquo;\u00e0 partir de l&rsquo;acquittement\u00a0 des frais d&rsquo;inscriptions.<\/p>\n<p style=\"font-weight: 400;\">Remarque: Aucun remboursement se sera effectu\u00e9 en cas de d\u00e9sistement, de disqualification ou d&rsquo;exclusion de la candidate durant la comp\u00e9tition. <b><strong>\u00a0 \u00a0 \u00a0 \u00a0 \u00a0 \u00a0 \u00a0 \u00a0 \u00a0 \u00a0 \u00a0 \u00a0 \u00a0 \u00a0 \u00a0 \u00a0 \u00a0 \u00a0 \u00a0 \u00a0 \u00a0<\/strong><\/b><\/p>\n<p style=\"font-weight: 400;\"><b><strong>R\u00e8gles d&rsquo;\u00e9ligibilit\u00e9:<\/strong><\/b><\/p>\n<p style=\"font-weight: 400;\">Les conditions d&rsquo;\u00e9ligibilit\u00e9 sont que chaque candidat(e):<\/p>\n<p style=\"font-weight: 400;\"><span style=\"font-size: 14px;\">a) soit une personne transgenre (donc qui se d\u00e9finie d\u2019un genre diff\u00e9rent de celui qui lui a \u00e9t\u00e9 attribu\u00e9 \u00e0 la naissance)<\/span><\/p>\n<p style=\"font-weight: 400;\"><span style=\"font-size: 14px;\">b) doit \u00eatre \u00e2g\u00e9(e) de plus de 18 ans au 1er Janvier 2026<\/span><\/p>\n<p style=\"font-weight: 400;\"><span style=\"font-size: 14px;\">c) doit \u00eatre de nationalit\u00e9 fran\u00e7aise ou ayant un titre de s\u00e9jour fran\u00e7ais valide<\/span><\/p>\n<p style=\"font-weight: 400;\"><span style=\"font-size: 14px;\">d) doit ma\u00eetriser parfaitement la langue fran\u00e7aise<\/span><\/p>\n<p style=\"font-weight: 400;\"><span style=\"font-size: 14px;\">e) doit \u00eatre une personne respectueuse et bienveillante envers autrui\u00a0\u00a0<\/span><\/p>\n<p style=\"font-weight: 400;\"><span style=\"font-size: 14px;\">f) n&rsquo;aie jamais remport\u00e9 le concours MTFrance\u00a0<\/span><\/p>\n<p style=\"font-weight: 400;\"><span style=\"font-size: 14px;\">g) s&rsquo;engage \u00e0 ne jamais , pour quelque raison que ce soit,\u00a0 discr\u00e9diter la F\u00e9d\u00e9ration, le Concours, le ou la MTFrance en titre ,\u00a0 ou\/et toute personne qui leur est associ\u00e9e, sous peine de poursuites judiciaires. <\/span><\/p>\n<p style=\"font-weight: 400;\"><span style=\"font-size: 14px;\">e) Dans le cas o\u00f9 le prix serait attribu\u00e9 \u00e0 une personne dont la l\u00e9gitimit\u00e9 serait remise en question par le non respect d&rsquo;une des r\u00e8gles ci-dessus, la F\u00e9d\u00e9ration peut en exiger le retour ou son paiement.<\/span><\/p>\n<p style=\"font-weight: 400;\"><b><strong>Limites d&rsquo;\u00e9ligibilit\u00e9:<\/strong><\/b><\/p>\n<p style=\"font-weight: 400;\">Toutes les questions d&rsquo;\u00e9ligibilit\u00e9 seront d\u00e9termin\u00e9es uniquement et exclusivement par la F\u00e9d\u00e9ration\u00a0 MTFrance. La ou le candidat(e) accepte de fournir une pi\u00e8ce d&rsquo;identit\u00e9 valide fran\u00e7aise pour v\u00e9rifier l&rsquo;\u00e2ge, le sexe, la nationalit\u00e9 et la r\u00e9sidence sur demande.<\/p>\n<p style=\"font-weight: 400;\">Miss T France se r\u00e9serve le droit de refuser une candidature au concours sans avoir \u00e0 en justifier la ou les raisons. Toute d\u00e9cision est d\u00e9finitive.<\/p>\n<p style=\"font-weight: 400;\"><b><strong>Conditions d&rsquo;entr\u00e9e:<\/strong><\/b><\/p>\n<p style=\"font-weight: 400;\"><span style=\"font-size: 14px;\">1. La ou le candidat(e) se doit de participer \u00e0 toutes les activit\u00e9s requises par la F\u00e9d\u00e9ration MTFrance et ses partenaires pendant toute la comp\u00e9tition . Le fait de ne pas participer \u00e0 l&rsquo;une de ces activit\u00e9s entra\u00eenera automatiquement la disqualification au concours.<\/span><\/p>\n<p style=\"font-weight: 400;\"><span style=\"font-size: 14px;\">2. La ou le candidat(e) accepte que sont \u00e9ventuel \u00e9quipe soit seul responsable de l&rsquo;organisation de leur h\u00e9bergement, transport et repas pendant toute la p\u00e9riode du concours. Le Comit\u00e9 ne fournit aucun h\u00e9bergement, transport et repas aux \u00e9quipes.<\/span><\/p>\n<p style=\"font-weight: 400;\"><span style=\"font-size: 14px;\">3. La ou le candidat(e) devra pr\u00e9voir les tenues suivantes pour le concours:<\/span><\/p>\n<p style=\"font-weight: 400;\"><span style=\"font-size: 14px;\">a) Un beau maillot de bain (couleur \u00e0 d\u00e9finir \u00e0 l&rsquo;avenir par le Comit\u00e9)<\/span><\/p>\n<p style=\"font-weight: 400;\"><span style=\"font-size: 14px;\">b) Une tenue de gala \u00e9l\u00e9gante pour la finale (couleur au choix)<\/span><\/p>\n<p style=\"font-weight: 400;\"><span style=\"font-size: 14px;\">c) 2 ou 3 tenues de cocktail glamour<\/span><\/p>\n<p style=\"font-weight: 400;\"><span style=\"font-size: 14px;\">d) un pantalon ou jean blanc\u00a0<\/span><\/p>\n<p style=\"font-weight: 400;\">e) un<span style=\"font-size: 14px;\"> jean bleu fonc\u00e9<\/span><\/p>\n<p style=\"font-weight: 400;\"><span style=\"font-size: 14px;\">3.\u00a0 La ou le candidat(e) gagnant(e) accepte d&rsquo;exercer les fonctions de repr\u00e9sentation durant 12 mois civils en se conformant \u00e0 tous les services, r\u00e8gles et r\u00e8glements r\u00e9gissant ce concours . D&rsquo;autre part, la ou le gagnant(e) du concours <\/span> se verra attribuer cinquante pour cent (50%) du prix lors de la soir\u00e9e finale, et les cinquante pour cent (50%) \u00e0 la fin de son r\u00e8gne.<\/p>\n<p style=\"font-weight: 400;\"><span style=\"font-size: 14px;\">4.\u00a0 Si toutefois la ou le gagnant(e) du concours ne remplit pas ses obligations, la ou le premier(e) dauphin(e) la remplacera au titre de MTFrance 2026 et recevra les prix qui lui sont d\u00fbt.<\/span><\/p>\n<p style=\"font-weight: 400;\"><span style=\"font-size: 14px;\">5. Tou(te)s les candidat(e)s acceptent que leurs noms, vid\u00e9os et photos prises lors du concours ainsi que tout \u00e9v\u00e9nement associ\u00e9 au concours soient la propri\u00e9t\u00e9 de la F\u00e9d\u00e9ration qui pourra les utilis\u00e9s comme mat\u00e9riel promotionnel, sans compensation et pour une dur\u00e9e de 2 ans.<\/span><\/p>\n<p>[\/et_pb_accordion_item][\/et_pb_accordion][dsm_caldera_forms cf_library=\u00a0\u00bbCF603cd54ea5f68&Prime; show_validation=\u00a0\u00bbon\u00a0\u00bb button_alignment=\u00a0\u00bbcenter\u00a0\u00bb button_margin_top=\u00a0\u00bb35px\u00a0\u00bb file_padding=\u00a0\u00bb||||false|false\u00a0\u00bb _builder_version=\u00a0\u00bb4.27.4&Prime; _module_preset=\u00a0\u00bbdefault\u00a0\u00bb labels_font=\u00a0\u00bb|700|||||||\u00a0\u00bb error_msg_text_color=\u00a0\u00bb#E02B20&Prime; success_validation_text_color=\u00a0\u00bb#26b51e\u00a0\u00bb custom_button_one=\u00a0\u00bbon\u00a0\u00bb button_one_text_size=\u00a0\u00bb17px\u00a0\u00bb button_one_text_color=\u00a0\u00bb#FFFFFF\u00a0\u00bb button_one_bg_use_color_gradient=\u00a0\u00bbon\u00a0\u00bb button_one_bg_color_gradient_stops=\u00a0\u00bb#c59969 0%|#f1cb82 100%\u00a0\u00bb button_one_bg_color_gradient_start=\u00a0\u00bb#c59969&Prime; button_one_bg_color_gradient_end=\u00a0\u00bb#f1cb82&Prime; button_one_border_width=\u00a0\u00bb0px\u00a0\u00bb button_one_border_radius=\u00a0\u00bb0px\u00a0\u00bb global_colors_info=\u00a0\u00bb{%22gcid-5baa91db-2925-4111-9ee8-e268e8ac9b4f%22:%91%22colorStart%22%93,%22gcid-0ca14251-ad54-4231-adaa-7f3acea7121d%22:%91%22colorEnd%22%93}\u00a0\u00bb][\/dsm_caldera_forms][\/et_pb_column][\/et_pb_row][\/et_pb_section]<\/p>\n","protected":false},"excerpt":{"rendered":"<p>\u00a0 Les inscriptions pour l&rsquo;\u00e9dition de 2026-2027 sont closes ! &nbsp;\u00a0 Les inscriptions pour l&rsquo;\u00e9dition de 2026 sont ouvertes ! &nbsp; &nbsp; Merci de lire attentivement les termes et conditions de participation. Votre pr\u00e9inscription sera consid\u00e9r\u00e9e comme compl\u00e8te et recevable uniquement lorsque tous les \u00e9l\u00e9ments auront \u00e9t\u00e9 envoy\u00e9s : formulaire, photos et vid\u00e9o. La vid\u00e9o [&hellip;]<\/p>\n","protected":false},"author":1,"featured_media":0,"parent":0,"menu_order":0,"comment_status":"closed","ping_status":"closed","template":"","meta":{"_et_pb_use_builder":"on","_et_pb_old_content":"","_et_gb_content_width":"","footnotes":""},"class_list":["post-69","page","type-page","status-publish","hentry"],"yoast_head":"<!-- This site is optimized with the Yoast SEO plugin v27.3 - https:\/\/yoast.com\/product\/yoast-seo-wordpress\/ -->\n<title>Inscriptions - Miss T France<\/title>\n<meta name=\"robots\" content=\"index, follow, max-snippet:-1, max-image-preview:large, max-video-preview:-1\" \/>\n<link rel=\"canonical\" href=\"https:\/\/mtfrance.org\/en\/inscriptions\/\" \/>\n<meta property=\"og:locale\" content=\"en_US\" \/>\n<meta property=\"og:type\" content=\"article\" \/>\n<meta property=\"og:title\" content=\"Inscriptions - Miss T France\" \/>\n<meta property=\"og:description\" content=\"Divi 3.0 introduces a completely new visual interface that will forever change how you build websites. This front end editor allows you to make changes to your website...on your actual website!Lorem ipsum dolor sit amet consectetur adipiscing elit el vivamus eu vehicula.Lorem ipsum dolor sit amet consectetur adipiscing elit el vivamus eu vehicula.Lorem ipsum dolor [&hellip;]\" \/>\n<meta property=\"og:url\" content=\"https:\/\/mtfrance.org\/en\/inscriptions\/\" \/>\n<meta property=\"og:site_name\" content=\"Miss T France\" \/>\n<meta property=\"article:modified_time\" content=\"2026-03-20T16:06:44+00:00\" \/>\n<meta name=\"twitter:card\" content=\"summary_large_image\" \/>\n<meta name=\"twitter:label1\" content=\"Est. reading time\" \/>\n\t<meta name=\"twitter:data1\" content=\"1 minute\" \/>\n<script type=\"application\/ld+json\" class=\"yoast-schema-graph\">{\"@context\":\"https:\\\/\\\/schema.org\",\"@graph\":[{\"@type\":\"WebPage\",\"@id\":\"https:\\\/\\\/mtfrance.org\\\/inscriptions\\\/\",\"url\":\"https:\\\/\\\/mtfrance.org\\\/inscriptions\\\/\",\"name\":\"Inscriptions - Miss T France\",\"isPartOf\":{\"@id\":\"https:\\\/\\\/mtfrance.org\\\/#website\"},\"datePublished\":\"2021-02-23T11:12:35+00:00\",\"dateModified\":\"2026-03-20T16:06:44+00:00\",\"breadcrumb\":{\"@id\":\"https:\\\/\\\/mtfrance.org\\\/inscriptions\\\/#breadcrumb\"},\"inLanguage\":\"en-US\",\"potentialAction\":[{\"@type\":\"ReadAction\",\"target\":[\"https:\\\/\\\/mtfrance.org\\\/inscriptions\\\/\"]}]},{\"@type\":\"BreadcrumbList\",\"@id\":\"https:\\\/\\\/mtfrance.org\\\/inscriptions\\\/#breadcrumb\",\"itemListElement\":[{\"@type\":\"ListItem\",\"position\":1,\"name\":\"Accueil\",\"item\":\"https:\\\/\\\/mtfrance.org\\\/\"},{\"@type\":\"ListItem\",\"position\":2,\"name\":\"Inscriptions\"}]},{\"@type\":\"WebSite\",\"@id\":\"https:\\\/\\\/mtfrance.org\\\/#website\",\"url\":\"https:\\\/\\\/mtfrance.org\\\/\",\"name\":\"Miss T France\",\"description\":\"Concours de Miss\",\"potentialAction\":[{\"@type\":\"SearchAction\",\"target\":{\"@type\":\"EntryPoint\",\"urlTemplate\":\"https:\\\/\\\/mtfrance.org\\\/?s={search_term_string}\"},\"query-input\":{\"@type\":\"PropertyValueSpecification\",\"valueRequired\":true,\"valueName\":\"search_term_string\"}}],\"inLanguage\":\"en-US\"}]}<\/script>\n<!-- \/ Yoast SEO plugin. -->","yoast_head_json":{"title":"Inscriptions - Miss T France","robots":{"index":"index","follow":"follow","max-snippet":"max-snippet:-1","max-image-preview":"max-image-preview:large","max-video-preview":"max-video-preview:-1"},"canonical":"https:\/\/mtfrance.org\/en\/inscriptions\/","og_locale":"en_US","og_type":"article","og_title":"Inscriptions - Miss T France","og_description":"Divi 3.0 introduces a completely new visual interface that will forever change how you build websites. This front end editor allows you to make changes to your website...on your actual website!Lorem ipsum dolor sit amet consectetur adipiscing elit el vivamus eu vehicula.Lorem ipsum dolor sit amet consectetur adipiscing elit el vivamus eu vehicula.Lorem ipsum dolor [&hellip;]","og_url":"https:\/\/mtfrance.org\/en\/inscriptions\/","og_site_name":"Miss T France","article_modified_time":"2026-03-20T16:06:44+00:00","twitter_card":"summary_large_image","twitter_misc":{"Est. reading time":"1 minute"},"schema":{"@context":"https:\/\/schema.org","@graph":[{"@type":"WebPage","@id":"https:\/\/mtfrance.org\/inscriptions\/","url":"https:\/\/mtfrance.org\/inscriptions\/","name":"Inscriptions - Miss T France","isPartOf":{"@id":"https:\/\/mtfrance.org\/#website"},"datePublished":"2021-02-23T11:12:35+00:00","dateModified":"2026-03-20T16:06:44+00:00","breadcrumb":{"@id":"https:\/\/mtfrance.org\/inscriptions\/#breadcrumb"},"inLanguage":"en-US","potentialAction":[{"@type":"ReadAction","target":["https:\/\/mtfrance.org\/inscriptions\/"]}]},{"@type":"BreadcrumbList","@id":"https:\/\/mtfrance.org\/inscriptions\/#breadcrumb","itemListElement":[{"@type":"ListItem","position":1,"name":"Accueil","item":"https:\/\/mtfrance.org\/"},{"@type":"ListItem","position":2,"name":"Inscriptions"}]},{"@type":"WebSite","@id":"https:\/\/mtfrance.org\/#website","url":"https:\/\/mtfrance.org\/","name":"Miss T France","description":"Concours de Miss","potentialAction":[{"@type":"SearchAction","target":{"@type":"EntryPoint","urlTemplate":"https:\/\/mtfrance.org\/?s={search_term_string}"},"query-input":{"@type":"PropertyValueSpecification","valueRequired":true,"valueName":"search_term_string"}}],"inLanguage":"en-US"}]}},"_links":{"self":[{"href":"https:\/\/mtfrance.org\/en\/wp-json\/wp\/v2\/pages\/69","targetHints":{"allow":["GET"]}}],"collection":[{"href":"https:\/\/mtfrance.org\/en\/wp-json\/wp\/v2\/pages"}],"about":[{"href":"https:\/\/mtfrance.org\/en\/wp-json\/wp\/v2\/types\/page"}],"author":[{"embeddable":true,"href":"https:\/\/mtfrance.org\/en\/wp-json\/wp\/v2\/users\/1"}],"replies":[{"embeddable":true,"href":"https:\/\/mtfrance.org\/en\/wp-json\/wp\/v2\/comments?post=69"}],"version-history":[{"count":35,"href":"https:\/\/mtfrance.org\/en\/wp-json\/wp\/v2\/pages\/69\/revisions"}],"predecessor-version":[{"id":3929,"href":"https:\/\/mtfrance.org\/en\/wp-json\/wp\/v2\/pages\/69\/revisions\/3929"}],"wp:attachment":[{"href":"https:\/\/mtfrance.org\/en\/wp-json\/wp\/v2\/media?parent=69"}],"curies":[{"name":"wp","href":"https:\/\/api.w.org\/{rel}","templated":true}]}}