{"id":62,"date":"2021-02-23T11:10:48","date_gmt":"2021-02-23T11:10:48","guid":{"rendered":"https:\/\/www.misstransfrance.com\/?page_id=62"},"modified":"2021-04-13T10:10:38","modified_gmt":"2021-04-13T10:10:38","slug":"news","status":"publish","type":"page","link":"https:\/\/mtfrance.org\/en\/news\/","title":{"rendered":"News"},"content":{"rendered":"<p>[et_pb_section fb_built=\u00a0\u00bb1&Prime; admin_label=\u00a0\u00bbsection\u00a0\u00bb _builder_version=\u00a0\u00bb4.9.0&Prime; background_image=\u00a0\u00bbhttps:\/\/mtfrance.org\/wp-content\/uploads\/2021\/02\/groupe11.jpg\u00a0\u00bb custom_padding=\u00a0\u00bb15%||15%||true|false\u00a0\u00bb][et_pb_row admin_label=\u00a0\u00bbrow\u00a0\u00bb _builder_version=\u00a0\u00bb3.25&Prime; background_size=\u00a0\u00bbinitial\u00a0\u00bb background_position=\u00a0\u00bbtop_left\u00a0\u00bb background_repeat=\u00a0\u00bbrepeat\u00a0\u00bb][et_pb_column type=\u00a0\u00bb4_4&Prime; _builder_version=\u00a0\u00bb3.25&Prime; custom_padding=\u00a0\u00bb|||\u00a0\u00bb custom_padding__hover=\u00a0\u00bb|||\u00a0\u00bb][\/et_pb_column][\/et_pb_row][\/et_pb_section][et_pb_section fb_built=\u00a0\u00bb1&Prime; _builder_version=\u00a0\u00bb4.9.0&Prime; _module_preset=\u00a0\u00bbdefault\u00a0\u00bb background_enable_image=\u00a0\u00bboff\u00a0\u00bb background_size=\u00a0\u00bbcontain\u00a0\u00bb custom_padding=\u00a0\u00bb||0px|||\u00a0\u00bb][et_pb_row column_structure=\u00a0\u00bb1_2,1_2&Prime; _builder_version=\u00a0\u00bb4.9.0&Prime; _module_preset=\u00a0\u00bbdefault\u00a0\u00bb max_width=\u00a0\u00bb80%\u00a0\u00bb][et_pb_column type=\u00a0\u00bb1_2&Prime; _builder_version=\u00a0\u00bb4.9.0&Prime; _module_preset=\u00a0\u00bbdefault\u00a0\u00bb][et_pb_text _builder_version=\u00a0\u00bb4.9.0&Prime; _module_preset=\u00a0\u00bbdefault\u00a0\u00bb header_font=\u00a0\u00bbLato||||||||\u00a0\u00bb header_text_color=\u00a0\u00bb#000000&Prime; header_font_size=\u00a0\u00bb40px\u00a0\u00bb custom_margin=\u00a0\u00bb||0px||false|false\u00a0\u00bb]<\/p>\n<h1>Actualit\u00e9s<\/h1>\n<p>[\/et_pb_text][et_pb_image src=\u00a0\u00bbhttps:\/\/mtfrance.org\/wp-content\/uploads\/2021\/02\/Rectangle-7.png\u00a0\u00bb title_text=\u00a0\u00bbRectangle 7&Prime; _builder_version=\u00a0\u00bb4.9.0&Prime; _module_preset=\u00a0\u00bbdefault\u00a0\u00bb][\/et_pb_image][\/et_pb_column][et_pb_column type=\u00a0\u00bb1_2&Prime; _builder_version=\u00a0\u00bb4.9.0&Prime; _module_preset=\u00a0\u00bbdefault\u00a0\u00bb][\/et_pb_column][\/et_pb_row][\/et_pb_section][et_pb_section fb_built=\u00a0\u00bb1&Prime; _builder_version=\u00a0\u00bb4.9.0&Prime; _module_preset=\u00a0\u00bbdefault\u00a0\u00bb][et_pb_row _builder_version=\u00a0\u00bb4.9.2&Prime; _module_preset=\u00a0\u00bbdefault\u00a0\u00bb max_width=\u00a0\u00bb80%\u00a0\u00bb][et_pb_column type=\u00a0\u00bb4_4&Prime; _builder_version=\u00a0\u00bb4.9.2&Prime; _module_preset=\u00a0\u00bbdefault\u00a0\u00bb][et_pb_blog fullwidth=\u00a0\u00bboff\u00a0\u00bb include_categories=\u00a0\u00bball\u00a0\u00bb meta_date=\u00a0\u00bbj M Y\u00a0\u00bb show_more=\u00a0\u00bbon\u00a0\u00bb show_categories=\u00a0\u00bboff\u00a0\u00bb _builder_version=\u00a0\u00bb4.9.3&Prime; _module_preset=\u00a0\u00bbdefault\u00a0\u00bb header_font=\u00a0\u00bb|700|||||||\u00a0\u00bb meta_text_color=\u00a0\u00bbgcid-5baa91db-2925-4111-9ee8-e268e8ac9b4f\u00a0\u00bb read_more_font=\u00a0\u00bb|||on|||||\u00a0\u00bb read_more_text_color=\u00a0\u00bbgcid-5baa91db-2925-4111-9ee8-e268e8ac9b4f\u00a0\u00bb hover_enabled=\u00a0\u00bb0&Prime; global_colors_info=\u00a0\u00bb{%22gcid-5baa91db-2925-4111-9ee8-e268e8ac9b4f%22:%91%22meta_text_color%22,%22read_more_text_color%22%93}\u00a0\u00bb show_author=\u00a0\u00bboff\u00a0\u00bb sticky_enabled=\u00a0\u00bb0&Prime;][\/et_pb_blog][\/et_pb_column][\/et_pb_row][\/et_pb_section]<\/p>\n","protected":false},"excerpt":{"rendered":"<p>Actualit\u00e9s<\/p>","protected":false},"author":1,"featured_media":0,"parent":0,"menu_order":0,"comment_status":"closed","ping_status":"closed","template":"","meta":{"_et_pb_use_builder":"on","_et_pb_old_content":"","_et_gb_content_width":"","footnotes":""},"class_list":["post-62","page","type-page","status-publish","hentry"],"yoast_head":"<!-- This site is optimized with the Yoast SEO plugin v27.3 - https:\/\/yoast.com\/product\/yoast-seo-wordpress\/ -->\n<title>News - Miss T France<\/title>\n<meta name=\"description\" content=\"Suivez toute l&#039;actualit\u00e9 du Miss T France: \u00e9v\u00e8nements, interventions, r\u00e9trospectives, articles de presse...\" \/>\n<meta name=\"robots\" content=\"index, follow, max-snippet:-1, max-image-preview:large, max-video-preview:-1\" \/>\n<link rel=\"canonical\" href=\"https:\/\/mtfrance.org\/en\/news\/\" \/>\n<meta property=\"og:locale\" content=\"en_US\" \/>\n<meta property=\"og:type\" content=\"article\" \/>\n<meta property=\"og:title\" content=\"News - Miss T France\" \/>\n<meta property=\"og:description\" content=\"Suivez toute l&#039;actualit\u00e9 du Miss T France: \u00e9v\u00e8nements, interventions, r\u00e9trospectives, articles de presse...\" \/>\n<meta property=\"og:url\" content=\"https:\/\/mtfrance.org\/en\/news\/\" \/>\n<meta property=\"og:site_name\" content=\"Miss T France\" \/>\n<meta property=\"article:modified_time\" content=\"2021-04-13T10:10:38+00:00\" \/>\n<meta name=\"twitter:card\" content=\"summary_large_image\" \/>\n<meta name=\"twitter:label1\" content=\"Est. reading time\" \/>\n\t<meta name=\"twitter:data1\" content=\"2 minutes\" \/>\n<script type=\"application\/ld+json\" class=\"yoast-schema-graph\">{\"@context\":\"https:\\\/\\\/schema.org\",\"@graph\":[{\"@type\":\"WebPage\",\"@id\":\"https:\\\/\\\/mtfrance.org\\\/news\\\/\",\"url\":\"https:\\\/\\\/mtfrance.org\\\/news\\\/\",\"name\":\"News - Miss T France\",\"isPartOf\":{\"@id\":\"https:\\\/\\\/mtfrance.org\\\/#website\"},\"datePublished\":\"2021-02-23T11:10:48+00:00\",\"dateModified\":\"2021-04-13T10:10:38+00:00\",\"description\":\"Suivez toute l'actualit\u00e9 du Miss T France: \u00e9v\u00e8nements, interventions, r\u00e9trospectives, articles de presse...\",\"breadcrumb\":{\"@id\":\"https:\\\/\\\/mtfrance.org\\\/news\\\/#breadcrumb\"},\"inLanguage\":\"en-US\",\"potentialAction\":[{\"@type\":\"ReadAction\",\"target\":[\"https:\\\/\\\/mtfrance.org\\\/news\\\/\"]}]},{\"@type\":\"BreadcrumbList\",\"@id\":\"https:\\\/\\\/mtfrance.org\\\/news\\\/#breadcrumb\",\"itemListElement\":[{\"@type\":\"ListItem\",\"position\":1,\"name\":\"Accueil\",\"item\":\"https:\\\/\\\/mtfrance.org\\\/\"},{\"@type\":\"ListItem\",\"position\":2,\"name\":\"News\"}]},{\"@type\":\"WebSite\",\"@id\":\"https:\\\/\\\/mtfrance.org\\\/#website\",\"url\":\"https:\\\/\\\/mtfrance.org\\\/\",\"name\":\"Miss T France\",\"description\":\"Concours de Miss\",\"potentialAction\":[{\"@type\":\"SearchAction\",\"target\":{\"@type\":\"EntryPoint\",\"urlTemplate\":\"https:\\\/\\\/mtfrance.org\\\/?s={search_term_string}\"},\"query-input\":{\"@type\":\"PropertyValueSpecification\",\"valueRequired\":true,\"valueName\":\"search_term_string\"}}],\"inLanguage\":\"en-US\"}]}<\/script>\n<!-- \/ Yoast SEO plugin. -->","yoast_head_json":{"title":"News - Miss T France","description":"Suivez toute l'actualit\u00e9 du Miss T France: \u00e9v\u00e8nements, interventions, r\u00e9trospectives, articles de presse...","robots":{"index":"index","follow":"follow","max-snippet":"max-snippet:-1","max-image-preview":"max-image-preview:large","max-video-preview":"max-video-preview:-1"},"canonical":"https:\/\/mtfrance.org\/en\/news\/","og_locale":"en_US","og_type":"article","og_title":"News - Miss T France","og_description":"Suivez toute l'actualit\u00e9 du Miss T France: \u00e9v\u00e8nements, interventions, r\u00e9trospectives, articles de presse...","og_url":"https:\/\/mtfrance.org\/en\/news\/","og_site_name":"Miss T France","article_modified_time":"2021-04-13T10:10:38+00:00","twitter_card":"summary_large_image","twitter_misc":{"Est. reading time":"2 minutes"},"schema":{"@context":"https:\/\/schema.org","@graph":[{"@type":"WebPage","@id":"https:\/\/mtfrance.org\/news\/","url":"https:\/\/mtfrance.org\/news\/","name":"News - Miss T France","isPartOf":{"@id":"https:\/\/mtfrance.org\/#website"},"datePublished":"2021-02-23T11:10:48+00:00","dateModified":"2021-04-13T10:10:38+00:00","description":"Suivez toute l'actualit\u00e9 du Miss T France: \u00e9v\u00e8nements, interventions, r\u00e9trospectives, articles de presse...","breadcrumb":{"@id":"https:\/\/mtfrance.org\/news\/#breadcrumb"},"inLanguage":"en-US","potentialAction":[{"@type":"ReadAction","target":["https:\/\/mtfrance.org\/news\/"]}]},{"@type":"BreadcrumbList","@id":"https:\/\/mtfrance.org\/news\/#breadcrumb","itemListElement":[{"@type":"ListItem","position":1,"name":"Accueil","item":"https:\/\/mtfrance.org\/"},{"@type":"ListItem","position":2,"name":"News"}]},{"@type":"WebSite","@id":"https:\/\/mtfrance.org\/#website","url":"https:\/\/mtfrance.org\/","name":"Miss T France","description":"Concours de Miss","potentialAction":[{"@type":"SearchAction","target":{"@type":"EntryPoint","urlTemplate":"https:\/\/mtfrance.org\/?s={search_term_string}"},"query-input":{"@type":"PropertyValueSpecification","valueRequired":true,"valueName":"search_term_string"}}],"inLanguage":"en-US"}]}},"_links":{"self":[{"href":"https:\/\/mtfrance.org\/en\/wp-json\/wp\/v2\/pages\/62","targetHints":{"allow":["GET"]}}],"collection":[{"href":"https:\/\/mtfrance.org\/en\/wp-json\/wp\/v2\/pages"}],"about":[{"href":"https:\/\/mtfrance.org\/en\/wp-json\/wp\/v2\/types\/page"}],"author":[{"embeddable":true,"href":"https:\/\/mtfrance.org\/en\/wp-json\/wp\/v2\/users\/1"}],"replies":[{"embeddable":true,"href":"https:\/\/mtfrance.org\/en\/wp-json\/wp\/v2\/comments?post=62"}],"version-history":[{"count":0,"href":"https:\/\/mtfrance.org\/en\/wp-json\/wp\/v2\/pages\/62\/revisions"}],"wp:attachment":[{"href":"https:\/\/mtfrance.org\/en\/wp-json\/wp\/v2\/media?parent=62"}],"curies":[{"name":"wp","href":"https:\/\/api.w.org\/{rel}","templated":true}]}}