{"id":3188,"date":"2025-07-08T19:38:47","date_gmt":"2025-07-08T19:38:47","guid":{"rendered":"https:\/\/misstransfrance.com\/?page_id=3188"},"modified":"2025-09-08T17:27:57","modified_gmt":"2025-09-08T17:27:57","slug":"transdayfestival","status":"publish","type":"page","link":"https:\/\/mtfrance.org\/en\/transdayfestival\/","title":{"rendered":"TransDay Festival"},"content":{"rendered":"<p>[et_pb_section fb_built=\u00a0\u00bb1&Prime; admin_label=\u00a0\u00bbsection\u00a0\u00bb _builder_version=\u00a0\u00bb4.27.4&Prime; background_image=\u00a0\u00bbhttps:\/\/mtfrance.org\/wp-content\/uploads\/2025\/07\/Preinscriptions-4-scaled.png\u00a0\u00bb custom_padding=\u00a0\u00bb48.2%||0px||false|false\u00a0\u00bb global_colors_info=\u00a0\u00bb{}\u00a0\u00bb][\/et_pb_section][et_pb_section fb_built=\u00a0\u00bb1&Prime; _builder_version=\u00a0\u00bb4.16&Prime; _module_preset=\u00a0\u00bbdefault\u00a0\u00bb background_color=\u00a0\u00bb#24273D\u00a0\u00bb background_image=\u00a0\u00bbhttps:\/\/mtfrance.org\/wp-content\/uploads\/2021\/02\/Trace-96.png\u00a0\u00bb background_size=\u00a0\u00bbcontain\u00a0\u00bb background_position=\u00a0\u00bbcenter_right\u00a0\u00bb custom_padding=\u00a0\u00bb33px||0px|||\u00a0\u00bb global_colors_info=\u00a0\u00bb{}\u00a0\u00bb][et_pb_row _builder_version=\u00a0\u00bb4.27.4&Prime; _module_preset=\u00a0\u00bbdefault\u00a0\u00bb max_width=\u00a0\u00bb80%\u00a0\u00bb custom_padding=\u00a0\u00bb||46px|||\u00a0\u00bb global_colors_info=\u00a0\u00bb{}\u00a0\u00bb][et_pb_column type=\u00a0\u00bb4_4&Prime; _builder_version=\u00a0\u00bb4.16&Prime; _module_preset=\u00a0\u00bbdefault\u00a0\u00bb global_colors_info=\u00a0\u00bb{}\u00a0\u00bb][et_pb_text _builder_version=\u00a0\u00bb4.27.4&Prime; _module_preset=\u00a0\u00bbdefault\u00a0\u00bb header_3_font=\u00a0\u00bbLato|||on|||||\u00a0\u00bb header_3_text_align=\u00a0\u00bbleft\u00a0\u00bb header_3_text_color=\u00a0\u00bb#BF9366&Prime; custom_margin=\u00a0\u00bb||-7px|||\u00a0\u00bb custom_padding=\u00a0\u00bb||||false|false\u00a0\u00bb global_colors_info=\u00a0\u00bb{}\u00a0\u00bb]<\/p>\n<h3>Paris &#8211; 16 &amp; 17 Mai 2026<\/h3>\n<p>[\/et_pb_text][et_pb_image src=\u00a0\u00bbhttps:\/\/mtfrance.org\/wp-content\/uploads\/2021\/02\/Rectangle-7.png\u00a0\u00bb title_text=\u00a0\u00bbRectangle 7&Prime; _builder_version=\u00a0\u00bb4.19.2&Prime; _module_preset=\u00a0\u00bbdefault\u00a0\u00bb custom_margin=\u00a0\u00bb||8px|||\u00a0\u00bb global_colors_info=\u00a0\u00bb{}\u00a0\u00bb][\/et_pb_image][et_pb_text disabled_on=\u00a0\u00bboff|off|off\u00a0\u00bb _builder_version=\u00a0\u00bb4.27.4&Prime; _module_preset=\u00a0\u00bbdefault\u00a0\u00bb text_font=\u00a0\u00bbLato||||||||\u00a0\u00bb text_text_color=\u00a0\u00bb#FFFFFF\u00a0\u00bb text_font_size=\u00a0\u00bb17px\u00a0\u00bb header_text_align=\u00a0\u00bbjustify\u00a0\u00bb header_3_font=\u00a0\u00bbLato|||on|||||\u00a0\u00bb header_3_text_align=\u00a0\u00bbleft\u00a0\u00bb header_3_text_color=\u00a0\u00bb#FFFFFF\u00a0\u00bb text_orientation=\u00a0\u00bbjustified\u00a0\u00bb custom_padding=\u00a0\u00bb26px|10%||10%|false|false\u00a0\u00bb global_colors_info=\u00a0\u00bb{}\u00a0\u00bb]<\/p>\n<p data-start=\"183\" data-end=\"584\">La<strong data-start=\"183\" data-end=\"364\"> TransDay, c\u2019est deux jours de f\u00eate, de fiert\u00e9 et d\u2019engagement pour c\u00e9l\u00e9brer la visibilit\u00e9 transgenre dans un cadre safe, inclusif et bienveillant \u2014 ouvert \u00e0 toute la famille.<\/strong><\/p>\n<p data-start=\"183\" data-end=\"584\">Rendez-vous \u00e0 <strong data-start=\"381\" data-end=\"412\">Paris les 16 et 17 mai 2026<\/strong> pour un festival haut en couleurs, o\u00f9 la sc\u00e8ne trans prendra toute sa place \u00e0 travers <strong data-start=\"499\" data-end=\"583\">des shows, des performances artistiques, des projections et de belles rencontres<\/strong>.<\/p>\n<p data-start=\"586\" data-end=\"1196\"><strong>Au c\u0153ur de la programmation :<\/strong><\/p>\n<p data-start=\"586\" data-end=\"1196\">\u2013Des <strong data-start=\"487\" data-end=\"523\">concerts, spectacles et stand-up<\/strong> avec la cr\u00e8me de la sc\u00e8ne trans et queer fran\u00e7aise, pour faire vibrer la capitale au rythme des talents lgbtqia+.<\/p>\n<p data-start=\"586\" data-end=\"1196\">\u2013<strong data-start=\"620\" data-end=\"658\">La 7e \u00e9dition du concours MTFrance<\/strong>, un concours inclusif qui \u00e9lit chaque ann\u00e9e un\u00b7e v\u00e9ritable porte-parole de la communaut\u00e9 trans en France.<\/p>\n<p data-start=\"586\" data-end=\"1196\">\u2013 <strong data-start=\"769\" data-end=\"814\">L&rsquo;enregistrement du podcast POINT T<\/strong>, en pr\u00e9sence des artistes et des personnalit\u00e9s\u00a0 invit\u00e9\u00b7es.<\/p>\n<p data-start=\"586\" data-end=\"1196\">\u2013 <strong data-start=\"856\" data-end=\"900\">La remise des Troph\u00e9es Transcenders 2026<\/strong>, qui r\u00e9compenseront celles et ceux \u2014 personnes, entreprises et institutions \u2014 qui s\u2019engagent pour plus d\u2019inclusivit\u00e9, de respect et de bien-\u00eatre pour les personnes trans.<\/p>\n<p data-start=\"586\" data-end=\"1196\">\u2013 Et pour cl\u00f4turer le festival en beaut\u00e9 : <strong data-start=\"1117\" data-end=\"1129\">la Glits<\/strong>, la soir\u00e9e TransQueer incontournable, au mythique <strong data-start=\"1180\" data-end=\"1195\">Tango Paris<\/strong>.<\/p>\n<p data-start=\"1198\" data-end=\"1513\"><strong data-start=\"1198\" data-end=\"1283\">La TransDay, c\u2019est un moment fort de partage, de visibilit\u00e9 et de reconnaissance.<\/strong><br data-start=\"1283\" data-end=\"1286\" \/>Un \u00e9v\u00e9nement pionnier en France, qui fait bouger les lignes, valorise les parcours trans et fait entendre des voix trop souvent invisibilis\u00e9es.<\/p>\n<p data-start=\"1198\" data-end=\"1513\">Parce que <strong data-start=\"1442\" data-end=\"1513\">la fiert\u00e9 se vit, se montre et se partage \u2014 ensemble, plus fort\u00b7es.<\/strong><\/p>\n<p>[\/et_pb_text][\/et_pb_column][\/et_pb_row][\/et_pb_section][et_pb_section fb_built=\u00a0\u00bb1&Prime; theme_builder_area=\u00a0\u00bbpost_content\u00a0\u00bb _builder_version=\u00a0\u00bb4.27.4&Prime; _module_preset=\u00a0\u00bbdefault\u00a0\u00bb title_text=\u00a0\u00bbHappy New year Facebook cover (4)\u00a0\u00bb background_image=\u00a0\u00bbhttps:\/\/mtfrance.org\/wp-content\/uploads\/2025\/09\/Happy-New-year-Facebook-cover-4-1.png\u00a0\u00bb hover_enabled=\u00a0\u00bb0&Prime; sticky_enabled=\u00a0\u00bb0&Prime; custom_padding=\u00a0\u00bb31px||13px|||\u00a0\u00bb][et_pb_row _builder_version=\u00a0\u00bb4.27.4&Prime; _module_preset=\u00a0\u00bbdefault\u00a0\u00bb column_structure=\u00a0\u00bb2_3,1_3&Prime; theme_builder_area=\u00a0\u00bbpost_content\u00a0\u00bb][et_pb_column _builder_version=\u00a0\u00bb4.27.4&Prime; _module_preset=\u00a0\u00bbdefault\u00a0\u00bb type=\u00a0\u00bb2_3&Prime; theme_builder_area=\u00a0\u00bbpost_content\u00a0\u00bb][et_pb_text disabled_on=\u00a0\u00bboff|off|off\u00a0\u00bb _builder_version=\u00a0\u00bb4.27.4&Prime; _module_preset=\u00a0\u00bbdefault\u00a0\u00bb header_font=\u00a0\u00bbLato||||||||\u00a0\u00bb header_text_color=\u00a0\u00bb#24273D\u00a0\u00bb header_font_size=\u00a0\u00bb40px\u00a0\u00bb header_2_font=\u00a0\u00bbLato||||||||\u00a0\u00bb header_2_text_color=\u00a0\u00bb#24273D\u00a0\u00bb header_2_font_size=\u00a0\u00bb35px\u00a0\u00bb custom_margin=\u00a0\u00bb||0px||false|false\u00a0\u00bb hover_enabled=\u00a0\u00bb0&Prime; global_colors_info=\u00a0\u00bb{}\u00a0\u00bb theme_builder_area=\u00a0\u00bbpost_content\u00a0\u00bb sticky_enabled=\u00a0\u00bb0&Prime; text_orientation=\u00a0\u00bbright\u00a0\u00bb]<\/p>\n<h2><strong>Rejoignez la TransDay sur nos r\u00e9seaux<\/strong><\/h2>\n<p>[\/et_pb_text][\/et_pb_column][et_pb_column _builder_version=\u00a0\u00bb4.27.4&Prime; _module_preset=\u00a0\u00bbdefault\u00a0\u00bb type=\u00a0\u00bb1_3&Prime; theme_builder_area=\u00a0\u00bbpost_content\u00a0\u00bb][et_pb_social_media_follow _builder_version=\u00a0\u00bb4.27.4&Prime; _module_preset=\u00a0\u00bbdefault\u00a0\u00bb theme_builder_area=\u00a0\u00bbpost_content\u00a0\u00bb hover_enabled=\u00a0\u00bb0&Prime; sticky_enabled=\u00a0\u00bb0&Prime;][et_pb_social_media_follow_network social_network=\u00a0\u00bbinstagram\u00a0\u00bb background_color=\u00a0\u00bb#ea2c59&Prime; _builder_version=\u00a0\u00bb4.27.4&Prime; _module_preset=\u00a0\u00bbdefault\u00a0\u00bb follow_button=\u00a0\u00bboff\u00a0\u00bb url_new_window=\u00a0\u00bbon\u00a0\u00bb theme_builder_area=\u00a0\u00bbpost_content\u00a0\u00bb url=\u00a0\u00bbhttps:\/\/www.instagram.com\/transdayfestival\/\u00a0\u00bb hover_enabled=\u00a0\u00bb0&Prime; sticky_enabled=\u00a0\u00bb0&Prime;]instagram[\/et_pb_social_media_follow_network][et_pb_social_media_follow_network social_network=\u00a0\u00bbfacebook\u00a0\u00bb background_color=\u00a0\u00bb#3b5998&Prime; _builder_version=\u00a0\u00bb4.27.4&Prime; _module_preset=\u00a0\u00bbdefault\u00a0\u00bb follow_button=\u00a0\u00bboff\u00a0\u00bb url_new_window=\u00a0\u00bbon\u00a0\u00bb theme_builder_area=\u00a0\u00bbpost_content\u00a0\u00bb hover_enabled=\u00a0\u00bb0&Prime; sticky_enabled=\u00a0\u00bb0&Prime;]facebook[\/et_pb_social_media_follow_network][\/et_pb_social_media_follow][\/et_pb_column][\/et_pb_row][\/et_pb_section][et_pb_section fb_built=\u00a0\u00bb1&Prime; disabled_on=\u00a0\u00bboff|off|off\u00a0\u00bb _builder_version=\u00a0\u00bb4.19.2&Prime; _module_preset=\u00a0\u00bbdefault\u00a0\u00bb background_enable_image=\u00a0\u00bboff\u00a0\u00bb background_size=\u00a0\u00bbinitial\u00a0\u00bb background_position=\u00a0\u00bbbottom_right\u00a0\u00bb custom_margin=\u00a0\u00bb||||false|false\u00a0\u00bb custom_padding=\u00a0\u00bb||||false|false\u00a0\u00bb global_colors_info=\u00a0\u00bb{}\u00a0\u00bb][et_pb_row _builder_version=\u00a0\u00bb4.16&Prime; _module_preset=\u00a0\u00bbdefault\u00a0\u00bb max_width=\u00a0\u00bb80%\u00a0\u00bb global_colors_info=\u00a0\u00bb{}\u00a0\u00bb][et_pb_column type=\u00a0\u00bb4_4&Prime; _builder_version=\u00a0\u00bb4.16&Prime; _module_preset=\u00a0\u00bbdefault\u00a0\u00bb global_colors_info=\u00a0\u00bb{}\u00a0\u00bb][et_pb_text disabled_on=\u00a0\u00bboff|off|off\u00a0\u00bb _builder_version=\u00a0\u00bb4.27.4&Prime; _module_preset=\u00a0\u00bbdefault\u00a0\u00bb header_font=\u00a0\u00bbLato||||||||\u00a0\u00bb header_text_color=\u00a0\u00bb#24273D\u00a0\u00bb header_font_size=\u00a0\u00bb40px\u00a0\u00bb header_2_font=\u00a0\u00bbLato||||||||\u00a0\u00bb header_2_text_color=\u00a0\u00bb#24273D\u00a0\u00bb header_2_font_size=\u00a0\u00bb35px\u00a0\u00bb custom_margin=\u00a0\u00bb||0px||false|false\u00a0\u00bb global_colors_info=\u00a0\u00bb{}\u00a0\u00bb]<\/p>\n<h2>Soir\u00e9e de Lancement du Festival<\/h2>\n<p>[\/et_pb_text][et_pb_image src=\u00a0\u00bbhttps:\/\/mtfrance.org\/wp-content\/uploads\/2021\/02\/Rectangle-9-1.png\u00a0\u00bb title_text=\u00a0\u00bbRectangle 9&Prime; _builder_version=\u00a0\u00bb4.16&Prime; _module_preset=\u00a0\u00bbdefault\u00a0\u00bb custom_margin=\u00a0\u00bb||11px|||\u00a0\u00bb global_colors_info=\u00a0\u00bb{}\u00a0\u00bb][\/et_pb_image][et_pb_text disabled_on=\u00a0\u00bboff|off|off\u00a0\u00bb _builder_version=\u00a0\u00bb4.27.4&Prime; _module_preset=\u00a0\u00bbdefault\u00a0\u00bb header_3_font=\u00a0\u00bbLato|||on|||||\u00a0\u00bb header_3_text_align=\u00a0\u00bbleft\u00a0\u00bb header_3_text_color=\u00a0\u00bb#BF9366&Prime; custom_padding=\u00a0\u00bb||||false|false\u00a0\u00bb global_colors_info=\u00a0\u00bb{}\u00a0\u00bb]<\/p>\n<h3>31 Mars 2024<\/h3>\n<p>[\/et_pb_text][et_pb_accordion _builder_version=\u00a0\u00bb4.27.4&Prime; _module_preset=\u00a0\u00bbdefault\u00a0\u00bb min_height=\u00a0\u00bb359.6px\u00a0\u00bb global_colors_info=\u00a0\u00bb{}\u00a0\u00bb][et_pb_accordion_item open=\u00a0\u00bbon\u00a0\u00bb _builder_version=\u00a0\u00bb4.27.4&Prime; _module_preset=\u00a0\u00bbdefault\u00a0\u00bb body_font_size=\u00a0\u00bb16px\u00a0\u00bb global_colors_info=\u00a0\u00bb{}\u00a0\u00bb toggle_level=\u00a0\u00bbh5&Prime; toggle_font_size=\u00a0\u00bb23px\u00a0\u00bb]<\/p>\n<p data-start=\"83\" data-end=\"516\">\u00c0 l\u2019occasion de la Journ\u00e9e internationale de la visibilit\u00e9 transgenre, nous avons c\u00e9l\u00e9br\u00e9 le 31 mars 2024 le lancement du festival dans la mythique salle du Tango Paris.<\/p>\n<p data-start=\"83\" data-end=\"516\"><br data-start=\"252\" data-end=\"255\" \/>Cet \u00e9v\u00e9nement priv\u00e9 a r\u00e9uni nos futurs partenaires, amis, artistes, commer\u00e7ants et institutions, autour d\u2019un programme m\u00ealant trois performances et un woman show.<\/p>\n<p data-start=\"83\" data-end=\"516\">Un moment de joie, de f\u00eate et de solidarit\u00e9, immortalis\u00e9 par l\u2019objectif de Christophe R\u00e9gnier.<\/p>\n<p data-start=\"518\" data-end=\"566\"><strong>D\u00e9couvrez nos plus beaux instants en images.<\/strong><\/p>\n<p>[\/et_pb_accordion_item][\/et_pb_accordion][\/et_pb_column][\/et_pb_row][et_pb_row _builder_version=\u00a0\u00bb4.27.4&Prime; _module_preset=\u00a0\u00bbdefault\u00a0\u00bb custom_margin=\u00a0\u00bb|92px||auto||\u00a0\u00bb global_colors_info=\u00a0\u00bb{}\u00a0\u00bb custom_padding=\u00a0\u00bb0px|||||\u00a0\u00bb][et_pb_column type=\u00a0\u00bb4_4&Prime; _builder_version=\u00a0\u00bb4.27.4&Prime; _module_preset=\u00a0\u00bbdefault\u00a0\u00bb global_colors_info=\u00a0\u00bb{}\u00a0\u00bb][et_pb_gallery gallery_ids=\u00a0\u00bb3496,3514,3500,3527,3512,3530,3509,3523,3502,3522,3510,3505,3534,3506,3507,3508,3511,3513,3515,3516,3517,3518,3519,3525,3528,3529,3531,3532,3535,3536,3537,3539&Prime; _builder_version=\u00a0\u00bb4.27.4&Prime; _module_preset=\u00a0\u00bbdefault\u00a0\u00bb custom_margin=\u00a0\u00bb||-112px|||\u00a0\u00bb custom_padding=\u00a0\u00bb||0px|||\u00a0\u00bb dbdb_version=\u00a0\u00bb4.10&Prime; global_colors_info=\u00a0\u00bb{}\u00a0\u00bb][\/et_pb_gallery][\/et_pb_column][\/et_pb_row][\/et_pb_section]<\/p>\n","protected":false},"excerpt":{"rendered":"<p>Paris &#8211; 16 &amp; 17 Mai 2026La TransDay, c\u2019est deux jours de f\u00eate, de fiert\u00e9 et d\u2019engagement pour c\u00e9l\u00e9brer la visibilit\u00e9 transgenre dans un cadre safe, inclusif et bienveillant \u2014 ouvert \u00e0 toute la famille. Rendez-vous \u00e0 Paris les 16 et 17 mai 2026 pour un festival haut en couleurs, o\u00f9 la sc\u00e8ne trans prendra [&hellip;]<\/p>\n","protected":false},"author":1,"featured_media":0,"parent":0,"menu_order":0,"comment_status":"closed","ping_status":"closed","template":"","meta":{"_et_pb_use_builder":"on","_et_pb_old_content":"","_et_gb_content_width":"","footnotes":""},"class_list":["post-3188","page","type-page","status-publish","hentry"],"yoast_head":"<!-- This site is optimized with the Yoast SEO plugin v27.3 - https:\/\/yoast.com\/product\/yoast-seo-wordpress\/ -->\n<title>TransDay Festival - Miss T France TransDay Festival<\/title>\n<meta name=\"description\" content=\"La TransDay 2026 est un festival transgenre inclusif, festif et engag\u00e9, les 16 et 17 mai \u00e0 Paris. Shows, performances, concours MTFrance, podcast live, Troph\u00e9es Transcenders et soir\u00e9e Glits au Tango Paris.\" \/>\n<meta name=\"robots\" content=\"index, follow, max-snippet:-1, max-image-preview:large, max-video-preview:-1\" \/>\n<link rel=\"canonical\" href=\"https:\/\/mtfrance.org\/en\/transdayfestival\/\" \/>\n<meta property=\"og:locale\" content=\"en_US\" \/>\n<meta property=\"og:type\" content=\"article\" \/>\n<meta property=\"og:title\" content=\"TransDay Festival - Miss T France TransDay Festival\" \/>\n<meta property=\"og:description\" content=\"La TransDay 2026 est un festival transgenre inclusif, festif et engag\u00e9, les 16 et 17 mai \u00e0 Paris. Shows, performances, concours MTFrance, podcast live, Troph\u00e9es Transcenders et soir\u00e9e Glits au Tango Paris.\" \/>\n<meta property=\"og:url\" content=\"https:\/\/mtfrance.org\/en\/transdayfestival\/\" \/>\n<meta property=\"og:site_name\" content=\"Miss T France\" \/>\n<meta property=\"article:modified_time\" content=\"2025-09-08T17:27:57+00:00\" \/>\n<meta name=\"twitter:card\" content=\"summary_large_image\" \/>\n<meta name=\"twitter:label1\" content=\"Est. reading time\" \/>\n\t<meta name=\"twitter:data1\" content=\"9 minutes\" \/>\n<script type=\"application\/ld+json\" class=\"yoast-schema-graph\">{\"@context\":\"https:\\\/\\\/schema.org\",\"@graph\":[{\"@type\":\"WebPage\",\"@id\":\"https:\\\/\\\/mtfrance.org\\\/transdayfestival\\\/\",\"url\":\"https:\\\/\\\/mtfrance.org\\\/transdayfestival\\\/\",\"name\":\"TransDay Festival - Miss T France TransDay Festival\",\"isPartOf\":{\"@id\":\"https:\\\/\\\/mtfrance.org\\\/#website\"},\"datePublished\":\"2025-07-08T19:38:47+00:00\",\"dateModified\":\"2025-09-08T17:27:57+00:00\",\"description\":\"La TransDay 2026 est un festival transgenre inclusif, festif et engag\u00e9, les 16 et 17 mai \u00e0 Paris. Shows, performances, concours MTFrance, podcast live, Troph\u00e9es Transcenders et soir\u00e9e Glits au Tango Paris.\",\"breadcrumb\":{\"@id\":\"https:\\\/\\\/mtfrance.org\\\/transdayfestival\\\/#breadcrumb\"},\"inLanguage\":\"en-US\",\"potentialAction\":[{\"@type\":\"ReadAction\",\"target\":[\"https:\\\/\\\/mtfrance.org\\\/transdayfestival\\\/\"]}]},{\"@type\":\"BreadcrumbList\",\"@id\":\"https:\\\/\\\/mtfrance.org\\\/transdayfestival\\\/#breadcrumb\",\"itemListElement\":[{\"@type\":\"ListItem\",\"position\":1,\"name\":\"Accueil\",\"item\":\"https:\\\/\\\/mtfrance.org\\\/\"},{\"@type\":\"ListItem\",\"position\":2,\"name\":\"TransDay Festival\"}]},{\"@type\":\"WebSite\",\"@id\":\"https:\\\/\\\/mtfrance.org\\\/#website\",\"url\":\"https:\\\/\\\/mtfrance.org\\\/\",\"name\":\"Miss T France\",\"description\":\"Concours de Miss\",\"potentialAction\":[{\"@type\":\"SearchAction\",\"target\":{\"@type\":\"EntryPoint\",\"urlTemplate\":\"https:\\\/\\\/mtfrance.org\\\/?s={search_term_string}\"},\"query-input\":{\"@type\":\"PropertyValueSpecification\",\"valueRequired\":true,\"valueName\":\"search_term_string\"}}],\"inLanguage\":\"en-US\"}]}<\/script>\n<!-- \/ Yoast SEO plugin. -->","yoast_head_json":{"title":"TransDay Festival - Miss T France TransDay Festival","description":"La TransDay 2026 est un festival transgenre inclusif, festif et engag\u00e9, les 16 et 17 mai \u00e0 Paris. Shows, performances, concours MTFrance, podcast live, Troph\u00e9es Transcenders et soir\u00e9e Glits au Tango Paris.","robots":{"index":"index","follow":"follow","max-snippet":"max-snippet:-1","max-image-preview":"max-image-preview:large","max-video-preview":"max-video-preview:-1"},"canonical":"https:\/\/mtfrance.org\/en\/transdayfestival\/","og_locale":"en_US","og_type":"article","og_title":"TransDay Festival - Miss T France TransDay Festival","og_description":"La TransDay 2026 est un festival transgenre inclusif, festif et engag\u00e9, les 16 et 17 mai \u00e0 Paris. Shows, performances, concours MTFrance, podcast live, Troph\u00e9es Transcenders et soir\u00e9e Glits au Tango Paris.","og_url":"https:\/\/mtfrance.org\/en\/transdayfestival\/","og_site_name":"Miss T France","article_modified_time":"2025-09-08T17:27:57+00:00","twitter_card":"summary_large_image","twitter_misc":{"Est. reading time":"9 minutes"},"schema":{"@context":"https:\/\/schema.org","@graph":[{"@type":"WebPage","@id":"https:\/\/mtfrance.org\/transdayfestival\/","url":"https:\/\/mtfrance.org\/transdayfestival\/","name":"TransDay Festival - Miss T France TransDay Festival","isPartOf":{"@id":"https:\/\/mtfrance.org\/#website"},"datePublished":"2025-07-08T19:38:47+00:00","dateModified":"2025-09-08T17:27:57+00:00","description":"La TransDay 2026 est un festival transgenre inclusif, festif et engag\u00e9, les 16 et 17 mai \u00e0 Paris. Shows, performances, concours MTFrance, podcast live, Troph\u00e9es Transcenders et soir\u00e9e Glits au Tango Paris.","breadcrumb":{"@id":"https:\/\/mtfrance.org\/transdayfestival\/#breadcrumb"},"inLanguage":"en-US","potentialAction":[{"@type":"ReadAction","target":["https:\/\/mtfrance.org\/transdayfestival\/"]}]},{"@type":"BreadcrumbList","@id":"https:\/\/mtfrance.org\/transdayfestival\/#breadcrumb","itemListElement":[{"@type":"ListItem","position":1,"name":"Accueil","item":"https:\/\/mtfrance.org\/"},{"@type":"ListItem","position":2,"name":"TransDay Festival"}]},{"@type":"WebSite","@id":"https:\/\/mtfrance.org\/#website","url":"https:\/\/mtfrance.org\/","name":"Miss T France","description":"Concours de Miss","potentialAction":[{"@type":"SearchAction","target":{"@type":"EntryPoint","urlTemplate":"https:\/\/mtfrance.org\/?s={search_term_string}"},"query-input":{"@type":"PropertyValueSpecification","valueRequired":true,"valueName":"search_term_string"}}],"inLanguage":"en-US"}]}},"_links":{"self":[{"href":"https:\/\/mtfrance.org\/en\/wp-json\/wp\/v2\/pages\/3188","targetHints":{"allow":["GET"]}}],"collection":[{"href":"https:\/\/mtfrance.org\/en\/wp-json\/wp\/v2\/pages"}],"about":[{"href":"https:\/\/mtfrance.org\/en\/wp-json\/wp\/v2\/types\/page"}],"author":[{"embeddable":true,"href":"https:\/\/mtfrance.org\/en\/wp-json\/wp\/v2\/users\/1"}],"replies":[{"embeddable":true,"href":"https:\/\/mtfrance.org\/en\/wp-json\/wp\/v2\/comments?post=3188"}],"version-history":[{"count":11,"href":"https:\/\/mtfrance.org\/en\/wp-json\/wp\/v2\/pages\/3188\/revisions"}],"predecessor-version":[{"id":3547,"href":"https:\/\/mtfrance.org\/en\/wp-json\/wp\/v2\/pages\/3188\/revisions\/3547"}],"wp:attachment":[{"href":"https:\/\/mtfrance.org\/en\/wp-json\/wp\/v2\/media?parent=3188"}],"curies":[{"name":"wp","href":"https:\/\/api.w.org\/{rel}","templated":true}]}}